{"id":39,"date":"2021-03-20T23:02:35","date_gmt":"2021-03-20T20:02:35","guid":{"rendered":"http:\/\/tdi_2_9b9"},"modified":"2021-03-21T00:42:14","modified_gmt":"2021-03-20T21:42:14","slug":"about-me","status":"publish","type":"page","link":"https:\/\/astrologoznurorgev.com\/index.php\/about-me\/","title":{"rendered":"ASTROLOG \u00d6ZNUR \u00d6RGEV"},"content":{"rendered":"\n<figure class=\"wp-block-image size-large is-resized\"><img loading=\"lazy\" decoding=\"async\" src=\"https:\/\/astrologoznurorgev.com\/wp-content\/uploads\/2021\/03\/36f75f77-b0e0-45e4-9a3e-829d9a72c214.jpg\" alt=\"\" class=\"wp-image-119\" width=\"260\" height=\"220\"\/><\/figure>\n\n\n<p><span class=\"dropcap dropcap3\" style=\"color: #cb9558;\">1<\/span><\/p>\n<p>981 \u0130stanbul do\u011fumludur. Lisan E\u011fitimini \u0130stanbul \u00dcniversitesi, y\u00fcksek lisans e\u011fitimini Marmara \u00dcniversitesi\u2019de tamamlad\u0131.<\/p>\n<p>2009 y\u0131l\u0131nda \u0130ngiltere, Londra\u2019ya yerle\u015fti. Evli ve iki \u00e7ocu\u011fu var.<\/p>\n<p>Astrolojiye olan ilgisi ilkokul \u00e7a\u011flar\u0131nda ba\u015flam\u0131\u015f ve o zamandan bu zamana yolunun kesi\u015fti\u011fi, payla\u015f\u0131mda bulundu\u011fu t\u00fcm e\u015f, dost, akraba, arkada\u015f ve \u00f6\u011fretmenlerinin \u00f6nce simas\u0131n\u0131, sonra ismini sonra da burcunu hat\u0131rlamaktad\u0131r. 2019 y\u0131l\u0131nda astroloji e\u011fitimleri almaya ba\u015flad\u0131\u011f\u0131nda astrolojinin G\u00fcne\u015f Burcundan ibaret olmad\u0131\u011f\u0131n\u0131 ke\u015ffeder ve merak\u0131 her ge\u00e7en g\u00fcn artarak \u00e7o\u011fal\u0131r. Elde etti\u011fi verilere dayanarak, astrolojinin insanlar\u0131n hayatlar\u0131na \u0131\u015f\u0131k tutacak, onlara yol g\u00f6sterecek bir hayat pusulas\u0131 oldu\u011funun fark\u0131na varm\u0131\u015ft\u0131r.<\/p>\n<p>Uzmanl\u0131k gerektiren bu alanda iyi olmak i\u00e7in O\u011fuzhan Ceyhan ve \u00d6ner D\u00f6\u015fer gibi alan\u0131nda en ba\u015far\u0131l\u0131 olan hocalardan dersler almakt\u0131r.<\/p>\n<p>2019 bu yana tecr\u00fcbeleri do\u011frultusunda, aktif bir \u015fekilde, hi\u00e7 ara vermeksizin astrolojik dan\u0131\u015fmanl\u0131k vermeye devam ediyor. Haritalarda ki farkl\u0131 ruhlar\u0131n i\u00e7ine girerek onlar\u0131 hissetmi\u015f, b\u00f6ylelikle insanlara yard\u0131m etmenin, astroloji ile fark\u0131ndal\u0131k ya\u015famalar\u0131na vesile olman\u0131n mutlulu\u011funu ya\u015fam\u0131\u015f ve halen ya\u015famaktad\u0131r\u2026<\/p>\n<p>Ayr\u0131ca Pazar g\u00fcnleri Bizim FM Londra\u2019da haftal\u0131k g\u00f6ky\u00fcz\u00fc olaylar\u0131n\u0131 yorumlamakta, Hayat\u0131n\u0131 Detoksla websitesinde ise astrolojik yaz\u0131lar\u0131 yay\u0131mlanmaktad\u0131r.<\/p>\n<p>Hayat\u0131n\u0131 Detoksla yaz\u0131lar\u0131na ula\u015fmak i\u00e7in a\u015fa\u011f\u0131daki linki t\u0131klayabilirsiniz.<\/p>\n<p><a href=\"https:\/\/hayatinidetoksla.com\/sisli-puslu-bir-balik-yeniayi\/\">https:\/\/hayatinidetoksla.com\/sisli-puslu-bir-balik-yeniayi\/<\/a><\/p>","protected":false},"excerpt":{"rendered":"<p>1 981 \u0130stanbul do\u011fumludur. Lisan E\u011fitimini \u0130stanbul \u00dcniversitesi, y\u00fcksek lisans e\u011fitimini Marmara \u00dcniversitesi\u2019de tamamlad\u0131. 2009 y\u0131l\u0131nda \u0130ngiltere, Londra\u2019ya yerle\u015fti. Evli ve iki \u00e7ocu\u011fu var. Astrolojiye olan ilgisi ilkokul \u00e7a\u011flar\u0131nda ba\u015flam\u0131\u015f ve o zamandan bu zamana yolunun kesi\u015fti\u011fi, payla\u015f\u0131mda bulundu\u011fu t\u00fcm e\u015f, dost, akraba, arkada\u015f ve \u00f6\u011fretmenlerinin \u00f6nce simas\u0131n\u0131, sonra ismini sonra da burcunu hat\u0131rlamaktad\u0131r. 2019 [&hellip;]<\/p>\n","protected":false},"author":1,"featured_media":0,"parent":0,"menu_order":0,"comment_status":"open","ping_status":"closed","template":"page-pagebuilder-title.php","meta":{"_monsterinsights_skip_tracking":false,"_monsterinsights_sitenote_active":false,"_monsterinsights_sitenote_note":"","_monsterinsights_sitenote_category":0,"footnotes":""},"_links":{"self":[{"href":"https:\/\/astrologoznurorgev.com\/index.php\/wp-json\/wp\/v2\/pages\/39"}],"collection":[{"href":"https:\/\/astrologoznurorgev.com\/index.php\/wp-json\/wp\/v2\/pages"}],"about":[{"href":"https:\/\/astrologoznurorgev.com\/index.php\/wp-json\/wp\/v2\/types\/page"}],"author":[{"embeddable":true,"href":"https:\/\/astrologoznurorgev.com\/index.php\/wp-json\/wp\/v2\/users\/1"}],"replies":[{"embeddable":true,"href":"https:\/\/astrologoznurorgev.com\/index.php\/wp-json\/wp\/v2\/comments?post=39"}],"version-history":[{"count":4,"href":"https:\/\/astrologoznurorgev.com\/index.php\/wp-json\/wp\/v2\/pages\/39\/revisions"}],"predecessor-version":[{"id":124,"href":"https:\/\/astrologoznurorgev.com\/index.php\/wp-json\/wp\/v2\/pages\/39\/revisions\/124"}],"wp:attachment":[{"href":"https:\/\/astrologoznurorgev.com\/index.php\/wp-json\/wp\/v2\/media?parent=39"}],"curies":[{"name":"wp","href":"https:\/\/api.w.org\/{rel}","templated":true}]}}